{"id":1464,"date":"2024-10-12T10:45:15","date_gmt":"2024-10-12T10:45:15","guid":{"rendered":"https:\/\/wp.rrdevs.net\/artima\/?page_id=1464"},"modified":"2025-12-09T01:55:06","modified_gmt":"2025-12-08T22:55:06","slug":"projelerimiz","status":"publish","type":"page","link":"https:\/\/sarginmobilya.com\/index.php\/projelerimiz\/","title":{"rendered":"Projelerimiz"},"content":{"rendered":"\t\t<div data-elementor-type=\"wp-page\" data-elementor-id=\"1464\" class=\"elementor elementor-1464\" data-elementor-post-type=\"page\">\n\t\t\t\t<div class=\"elementor-element elementor-element-3d5a5c8 e-con-full e-flex e-con e-parent\" data-id=\"3d5a5c8\" data-element_type=\"container\">\n\t\t\t\t<div class=\"elementor-element elementor-element-4902cbd elementor-widget elementor-widget-rr_portfolio_masonry\" data-id=\"4902cbd\" data-element_type=\"widget\" data-widget_type=\"rr_portfolio_masonry.default\">\n\t\t\t\t<div class=\"elementor-widget-container\">\n\t\t\t\t\t\r\n<section class=\"protfolio section-space__top rr-el-section\">\r\n    <div class=\"container\">\r\n        <div class=\"protfolio__tab masonary-menu\">\r\n            <button data-filter=\"*\" class=\"active\">T\u00fcm\u00fc <\/button>\r\n                        <button class=\"rr-el-tab\"\r\n                data-filter=\".isyeri-ofis \">\u0130\u015f Yeri &amp; Ofis<\/button>\r\n                        <button class=\"rr-el-tab\"\r\n                data-filter=\".konut-villa \">Konut - Villa<\/button>\r\n                    <\/div>\r\n\r\n        <div class=\"protfolio__item-wrapper\">\r\n            <div class=\"row grid mb-minus-30\">\r\n                                <div\r\n                    class=\"col-xl-4 col-lg-4 col-md-6 col-sm-12 grid-item isyeri-ofis\">\r\n                    <div class=\"protfolio__item\">\r\n                                                <div class=\"protfolio__item-media \">\r\n                            <img decoding=\"async\" src=\"https:\/\/sarginmobilya.com\/wp-content\/uploads\/2025\/03\/IMG_20250315_144643.jpg\"\r\n                                alt=\"\">\r\n                        <\/div>\r\n                                                <a href=\"https:\/\/sarginmobilya.com\/wp-content\/uploads\/2025\/03\/IMG_20250315_144643.jpg\"\r\n                            class=\"protfolio__item-icon  popup-image\">\r\n                            <svg width=\"54\" height=\"54\" viewBox=\"0 0 54 54\" fill=\"none\"\r\n                                xmlns=\"http:\/\/www.w3.org\/2000\/svg\">\r\n                                <path d=\"M27 2V52\" stroke=\"white\" stroke-width=\"4\" stroke-linecap=\"round\"\r\n                                    stroke-linejoin=\"round\" \/>\r\n                                <path d=\"M2 27H52\" stroke=\"white\" stroke-width=\"4\" stroke-linecap=\"round\"\r\n                                    stroke-linejoin=\"round\" \/>\r\n                            <\/svg>\r\n                        <\/a>\r\n                        <div class=\"protfolio__item-text\">\r\n                                                        <span class=\"price rr-el-sub-title\">ARD Galeri<\/span>\r\n                                                        <h6 class=\"rr-el-box-title\">\r\n                                <a target=\"_self\" rel=\"nofollow\"\r\n                                    href=\"https:\/\/sarginmobilya.com\/index.php\/projelerimiz\/proje-01\/\">\r\n                                    Proje 01                                <\/a>\r\n                            <\/h6>\r\n                        <\/div>\r\n                    <\/div>\r\n                <\/div>\r\n                                <div\r\n                    class=\"col-xl-4 col-lg-4 col-md-6 col-sm-12 grid-item konut-villa\">\r\n                    <div class=\"protfolio__item\">\r\n                                                <div class=\"protfolio__item-media \">\r\n                            <img decoding=\"async\" src=\"https:\/\/sarginmobilya.com\/wp-content\/uploads\/2025\/12\/banner.jpg\"\r\n                                alt=\"\">\r\n                        <\/div>\r\n                                                <a href=\"https:\/\/sarginmobilya.com\/wp-content\/uploads\/2025\/12\/banner.jpg\"\r\n                            class=\"protfolio__item-icon  popup-image\">\r\n                            <svg width=\"54\" height=\"54\" viewBox=\"0 0 54 54\" fill=\"none\"\r\n                                xmlns=\"http:\/\/www.w3.org\/2000\/svg\">\r\n                                <path d=\"M27 2V52\" stroke=\"white\" stroke-width=\"4\" stroke-linecap=\"round\"\r\n                                    stroke-linejoin=\"round\" \/>\r\n                                <path d=\"M2 27H52\" stroke=\"white\" stroke-width=\"4\" stroke-linecap=\"round\"\r\n                                    stroke-linejoin=\"round\" \/>\r\n                            <\/svg>\r\n                        <\/a>\r\n                        <div class=\"protfolio__item-text\">\r\n                                                        <span class=\"price rr-el-sub-title\">Villa Projesi<\/span>\r\n                                                        <h6 class=\"rr-el-box-title\">\r\n                                <a target=\"_self\" rel=\"nofollow\"\r\n                                    href=\"https:\/\/sarginmobilya.com\/index.php\/projelerimiz\/proje-02\/\">\r\n                                    Proje 02                                <\/a>\r\n                            <\/h6>\r\n                        <\/div>\r\n                    <\/div>\r\n                <\/div>\r\n                            <\/div>\r\n        <\/div>\r\n    <\/div>\r\n<\/section>\r\n\t\t\t\t<\/div>\n\t\t\t\t<\/div>\n\t\t\t\t<\/div>\n\t\t\t\t<\/div>\n\t\t","protected":false},"excerpt":{"rendered":"<p>T\u00fcm\u00fc \u0130\u015f Yeri &amp; Ofis Konut &#8211; Villa ARD Galeri Proje 01 Villa Projesi Proje 02<\/p>\n","protected":false},"author":1,"featured_media":0,"parent":0,"menu_order":0,"comment_status":"closed","ping_status":"closed","template":"elementor_header_footer","meta":{"footnotes":""},"class_list":["post-1464","page","type-page","status-publish","hentry"],"_links":{"self":[{"href":"https:\/\/sarginmobilya.com\/index.php\/wp-json\/wp\/v2\/pages\/1464","targetHints":{"allow":["GET"]}}],"collection":[{"href":"https:\/\/sarginmobilya.com\/index.php\/wp-json\/wp\/v2\/pages"}],"about":[{"href":"https:\/\/sarginmobilya.com\/index.php\/wp-json\/wp\/v2\/types\/page"}],"author":[{"embeddable":true,"href":"https:\/\/sarginmobilya.com\/index.php\/wp-json\/wp\/v2\/users\/1"}],"replies":[{"embeddable":true,"href":"https:\/\/sarginmobilya.com\/index.php\/wp-json\/wp\/v2\/comments?post=1464"}],"version-history":[{"count":19,"href":"https:\/\/sarginmobilya.com\/index.php\/wp-json\/wp\/v2\/pages\/1464\/revisions"}],"predecessor-version":[{"id":2669,"href":"https:\/\/sarginmobilya.com\/index.php\/wp-json\/wp\/v2\/pages\/1464\/revisions\/2669"}],"wp:attachment":[{"href":"https:\/\/sarginmobilya.com\/index.php\/wp-json\/wp\/v2\/media?parent=1464"}],"curies":[{"name":"wp","href":"https:\/\/api.w.org\/{rel}","templated":true}]}}