{"id":489,"date":"2024-10-05T10:12:58","date_gmt":"2024-10-05T10:12:58","guid":{"rendered":"https:\/\/wp.rrdevs.net\/artima\/?page_id=489"},"modified":"2025-03-26T03:31:29","modified_gmt":"2025-03-26T00:31:29","slug":"kurumsal","status":"publish","type":"page","link":"https:\/\/sarginmobilya.com\/index.php\/kurumsal\/","title":{"rendered":"Kurumsal"},"content":{"rendered":"\t\t<div data-elementor-type=\"wp-page\" data-elementor-id=\"489\" class=\"elementor elementor-489\" data-elementor-post-type=\"page\">\n\t\t\t\t<div class=\"elementor-element elementor-element-4cd0cc0 e-con-full e-flex e-con e-parent\" data-id=\"4cd0cc0\" data-element_type=\"container\">\n\t\t\t\t<div class=\"elementor-element elementor-element-d06210d elementor-widget elementor-widget-about\" data-id=\"d06210d\" data-element_type=\"widget\" data-widget_type=\"about.default\">\n\t\t\t\t<div class=\"elementor-widget-container\">\n\t\t\t\t\t\r\n<!-- \"about-company area start -->\r\n<section class=\"about-company section-space rr-el-section\">\r\n    <div class=\"container\">\r\n        <div class=\"row\">\r\n                        <div class=\"col-lg-6\">\r\n                <div class=\"about-company__media\">\r\n                                                            <div class=\"about-company__thumb-1 wow clip-a-z\">\r\n                        <img decoding=\"async\" src=\"https:\/\/sarginmobilya.com\/wp-content\/uploads\/2025\/03\/hakkimizda.jpg\" alt=\"\">\r\n                    <\/div>\r\n                                                            <div class=\"about-company__thumb-2 wow clip-a-z\">\r\n                        <img decoding=\"async\" src=\"https:\/\/sarginmobilya.com\/wp-content\/uploads\/2024\/12\/latest-project-3.jpg\" alt=\"\">\r\n                    <\/div>\r\n                    \r\n                    <div class=\"about-company__customer rr-el-experience-box\">\r\n                        <h2><span class=\"odometer rr-el-experience-text\"\r\n                                data-count=\"100%\">0<\/span>%\r\n                        <\/h2>\r\n                                                <h6 class=\"rr-rp-experience rr-el-experience-text\">\r\n                            M\u00fc\u015fteri<br>Memnuniyeti                        <\/h6>\r\n                                            <\/div>\r\n                <\/div>\r\n            <\/div>\r\n                        <div class=\"col-lg-6\">\r\n                <div class=\"about-company__content\">\r\n\r\n                                        <div class=\"section__title-wrapper mb-50 mb-xs-35\">\r\n                                                <span\r\n                            class=\"section__subtitle rr-el-sub-title\">Hakk\u0131m\u0131zda<\/span>\r\n                                                <h2 class=\"section__title mb-25 rr-el-title\">Sarg\u0131n Mobilya Size Farkl\u0131 Bir Ya\u015fam Alan\u0131 Sunuyor<\/h2>                                                <p class=\"mb-0 rr-el-desc\">Mobilya sekt\u00f6r\u00fcnde 30 y\u0131l\u0131 a\u015fan tecr\u00fcbemiz, profesyonel ekibimiz ve modern \u00fcretim tesisimiz ile y\u00fczlerce m\u00fc\u015fteri memnuniyetiyle Sarg\u0131n Mobilya size ya\u015fam alanlar\u0131n\u0131zda beklentilerinizin \u00e7ok \u00f6tesinde deneyimler sunuyor. <\/p>\r\n                                            <\/div>\r\n                                        <div class=\"about-company__wrapper\">\r\n                                                <ul>\r\n                                                                                    <li class=\"rr-el-list\">\r\n                                <span>\r\n                                    <svg width=\"14\" height=\"10\" viewBox=\"0 0 14 10\" fill=\"none\"\r\n                                        xmlns=\"http:\/\/www.w3.org\/2000\/svg\">\r\n                                        <path d=\"M13 1L4.75 9L1 5.36364\" stroke=\"#906E50\" stroke-width=\"1.5\"\r\n                                            stroke-linecap=\"round\" stroke-linejoin=\"round\" \/>\r\n                                    <\/svg>\r\n                                <\/span>\r\n                                Tasar\u0131m ve Ke\u015fif Deste\u011fi                            <\/li>\r\n                                                                                                                <li class=\"rr-el-list\">\r\n                                <span>\r\n                                    <svg width=\"14\" height=\"10\" viewBox=\"0 0 14 10\" fill=\"none\"\r\n                                        xmlns=\"http:\/\/www.w3.org\/2000\/svg\">\r\n                                        <path d=\"M13 1L4.75 9L1 5.36364\" stroke=\"#906E50\" stroke-width=\"1.5\"\r\n                                            stroke-linecap=\"round\" stroke-linejoin=\"round\" \/>\r\n                                    <\/svg>\r\n                                <\/span>\r\n                                T\u00fcm Tarzlarda Sekt\u00f6rel Deneyim                            <\/li>\r\n                                                                                                                <li class=\"rr-el-list\">\r\n                                <span>\r\n                                    <svg width=\"14\" height=\"10\" viewBox=\"0 0 14 10\" fill=\"none\"\r\n                                        xmlns=\"http:\/\/www.w3.org\/2000\/svg\">\r\n                                        <path d=\"M13 1L4.75 9L1 5.36364\" stroke=\"#906E50\" stroke-width=\"1.5\"\r\n                                            stroke-linecap=\"round\" stroke-linejoin=\"round\" \/>\r\n                                    <\/svg>\r\n                                <\/span>\r\n                                Modern \u00dcretim Hatt\u0131 \u0130le Y\u00fcksek Kalite                            <\/li>\r\n                                                                                                                <li class=\"rr-el-list\">\r\n                                <span>\r\n                                    <svg width=\"14\" height=\"10\" viewBox=\"0 0 14 10\" fill=\"none\"\r\n                                        xmlns=\"http:\/\/www.w3.org\/2000\/svg\">\r\n                                        <path d=\"M13 1L4.75 9L1 5.36364\" stroke=\"#906E50\" stroke-width=\"1.5\"\r\n                                            stroke-linecap=\"round\" stroke-linejoin=\"round\" \/>\r\n                                    <\/svg>\r\n                                <\/span>\r\n                                Profesyonel Ekip \u0130le Kusursuz \u0130\u015f\u00e7ilik                            <\/li>\r\n                                                                                                                <li class=\"rr-el-list\">\r\n                                <span>\r\n                                    <svg width=\"14\" height=\"10\" viewBox=\"0 0 14 10\" fill=\"none\"\r\n                                        xmlns=\"http:\/\/www.w3.org\/2000\/svg\">\r\n                                        <path d=\"M13 1L4.75 9L1 5.36364\" stroke=\"#906E50\" stroke-width=\"1.5\"\r\n                                            stroke-linecap=\"round\" stroke-linejoin=\"round\" \/>\r\n                                    <\/svg>\r\n                                <\/span>\r\n                                Kusursuz Zaman Planlamas\u0131                            <\/li>\r\n                                                                                                                <li class=\"rr-el-list\">\r\n                                <span>\r\n                                    <svg width=\"14\" height=\"10\" viewBox=\"0 0 14 10\" fill=\"none\"\r\n                                        xmlns=\"http:\/\/www.w3.org\/2000\/svg\">\r\n                                        <path d=\"M13 1L4.75 9L1 5.36364\" stroke=\"#906E50\" stroke-width=\"1.5\"\r\n                                            stroke-linecap=\"round\" stroke-linejoin=\"round\" \/>\r\n                                    <\/svg>\r\n                                <\/span>\r\n                                Ekonomik ve Y\u00fcksek Kaliteli \u00dcretim                            <\/li>\r\n                                                                                <\/ul>\r\n                    <\/div>\r\n                                    <\/div>\r\n            <\/div>\r\n        <\/div>\r\n    <\/div>\r\n<\/section>\r\n<!-- \"about-company area end -->\r\n\t\t\t\t<\/div>\n\t\t\t\t<\/div>\n\t\t\t\t<\/div>\n\t\t<div class=\"elementor-element elementor-element-6447060 e-con-full e-flex e-con e-parent\" data-id=\"6447060\" data-element_type=\"container\">\n\t\t\t\t<div class=\"elementor-element elementor-element-931dcfb elementor-widget elementor-widget-rr-fact\" data-id=\"931dcfb\" data-element_type=\"widget\" data-widget_type=\"rr-fact.default\">\n\t\t\t\t<div class=\"elementor-widget-container\">\n\t\t\t\t\t\r\n\r\n<!-- experience start -->\r\n<section class=\"experience\" data-background=\"https:\/\/sarginmobilya.com\/wp-content\/uploads\/2024\/09\/experience-bg.jpg\">\r\n    <div class=\"container\">\r\n        <div class=\"experience__item-wrapper\">\r\n                        <div class=\"experience__item\">\r\n                <div class=\"experience__item-content\">\r\n                    <div class=\"experience__item-content-icon\">\r\n                                                                        <span>\r\n                            <img decoding=\"async\" src=\"https:\/\/wp.rrdevs.net\/artima\/wp-content\/uploads\/2024\/09\/Vector-2.png\"\r\n                                alt=\"\">\r\n                        <\/span>\r\n                                                                    <\/div>\r\n                    <div class=\"experience__item-content-text\">\r\n                                                <h6 class=\"title-animation\">Y\u0131ll\u0131k Tecr\u00fcbe<\/h6>\r\n                                                <h2><span class=\"odometer\"\r\n                                data-count=\"30\">0<\/span>+                        <\/h2>\r\n                    <\/div>\r\n                <\/div>\r\n            <\/div>\r\n                        <div class=\"experience__item\">\r\n                <div class=\"experience__item-content\">\r\n                    <div class=\"experience__item-content-icon\">\r\n                                                                        <span>\r\n                            <img decoding=\"async\" src=\"https:\/\/wp.rrdevs.net\/artima\/wp-content\/uploads\/2024\/09\/Group-2.png\"\r\n                                alt=\"\">\r\n                        <\/span>\r\n                                                                    <\/div>\r\n                    <div class=\"experience__item-content-text\">\r\n                                                <h6 class=\"title-animation\">\u00c7al\u0131\u015fan Say\u0131m\u0131z<\/h6>\r\n                                                <h2><span class=\"odometer\"\r\n                                data-count=\"30\">0<\/span>+                        <\/h2>\r\n                    <\/div>\r\n                <\/div>\r\n            <\/div>\r\n                        <div class=\"experience__item\">\r\n                <div class=\"experience__item-content\">\r\n                    <div class=\"experience__item-content-icon\">\r\n                                                                        <span>\r\n                            <img decoding=\"async\" src=\"https:\/\/wp.rrdevs.net\/artima\/wp-content\/uploads\/2024\/09\/icon-4.png\"\r\n                                alt=\"\">\r\n                        <\/span>\r\n                                                                    <\/div>\r\n                    <div class=\"experience__item-content-text\">\r\n                                                <h6 class=\"title-animation\">Ba\u015far\u0131l\u0131 Proje<\/h6>\r\n                                                <h2><span class=\"odometer\"\r\n                                data-count=\"600\">0<\/span>+                        <\/h2>\r\n                    <\/div>\r\n                <\/div>\r\n            <\/div>\r\n                        <div class=\"experience__item\">\r\n                <div class=\"experience__item-content\">\r\n                    <div class=\"experience__item-content-icon\">\r\n                                                                        <span>\r\n                            <img decoding=\"async\" src=\"https:\/\/wp.rrdevs.net\/artima\/wp-content\/uploads\/2024\/09\/icon-3.png\"\r\n                                alt=\"\">\r\n                        <\/span>\r\n                                                                    <\/div>\r\n                    <div class=\"experience__item-content-text\">\r\n                                                <h6 class=\"title-animation\">M\u00fc\u015fteri Memnuniyeti<\/h6>\r\n                                                <h2><span class=\"odometer\"\r\n                                data-count=\"100\">0<\/span>%                        <\/h2>\r\n                    <\/div>\r\n                <\/div>\r\n            <\/div>\r\n                    <\/div>\r\n    <\/div>\r\n<\/section>\r\n<!-- experience end -->\r\n\t\t\t\t<\/div>\n\t\t\t\t<\/div>\n\t\t\t\t<\/div>\n\t\t\t\t<\/div>\n\t\t","protected":false},"excerpt":{"rendered":"<p>0% M\u00fc\u015fteriMemnuniyeti Hakk\u0131m\u0131zda Sarg\u0131n Mobilya Size Farkl\u0131 Bir Ya\u015fam Alan\u0131 Sunuyor Mobilya sekt\u00f6r\u00fcnde 30 y\u0131l\u0131 a\u015fan tecr\u00fcbemiz, profesyonel ekibimiz ve modern \u00fcretim tesisimiz ile y\u00fczlerce m\u00fc\u015fteri memnuniyetiyle Sarg\u0131n Mobilya size ya\u015fam alanlar\u0131n\u0131zda beklentilerinizin \u00e7ok \u00f6tesinde deneyimler sunuyor. Tasar\u0131m ve Ke\u015fif Deste\u011fi T\u00fcm Tarzlarda Sekt\u00f6rel Deneyim Modern \u00dcretim Hatt\u0131 \u0130le Y\u00fcksek Kalite Profesyonel Ekip \u0130le Kusursuz [&hellip;]<\/p>\n","protected":false},"author":1,"featured_media":0,"parent":0,"menu_order":0,"comment_status":"closed","ping_status":"closed","template":"elementor_header_footer","meta":{"footnotes":""},"class_list":["post-489","page","type-page","status-publish","hentry"],"_links":{"self":[{"href":"https:\/\/sarginmobilya.com\/index.php\/wp-json\/wp\/v2\/pages\/489","targetHints":{"allow":["GET"]}}],"collection":[{"href":"https:\/\/sarginmobilya.com\/index.php\/wp-json\/wp\/v2\/pages"}],"about":[{"href":"https:\/\/sarginmobilya.com\/index.php\/wp-json\/wp\/v2\/types\/page"}],"author":[{"embeddable":true,"href":"https:\/\/sarginmobilya.com\/index.php\/wp-json\/wp\/v2\/users\/1"}],"replies":[{"embeddable":true,"href":"https:\/\/sarginmobilya.com\/index.php\/wp-json\/wp\/v2\/comments?post=489"}],"version-history":[{"count":13,"href":"https:\/\/sarginmobilya.com\/index.php\/wp-json\/wp\/v2\/pages\/489\/revisions"}],"predecessor-version":[{"id":2573,"href":"https:\/\/sarginmobilya.com\/index.php\/wp-json\/wp\/v2\/pages\/489\/revisions\/2573"}],"wp:attachment":[{"href":"https:\/\/sarginmobilya.com\/index.php\/wp-json\/wp\/v2\/media?parent=489"}],"curies":[{"name":"wp","href":"https:\/\/api.w.org\/{rel}","templated":true}]}}